{"id":1055,"date":"2020-01-21T15:18:08","date_gmt":"2020-01-21T13:18:08","guid":{"rendered":"http:\/\/www.gospelchor-sustrum-moor.de\/?page_id=1055"},"modified":"2024-02-19T14:31:44","modified_gmt":"2024-02-19T13:31:44","slug":"cd-sing-together-2019","status":"publish","type":"page","link":"https:\/\/www.gospelchor-sustrum-moor.de\/?page_id=1055","title":{"rendered":"CD: SING TOGETHER (2019)"},"content":{"rendered":"<p>Anl\u00e4sslich seines 20-j\u00e4hrigen Bestehens nahm der Gospelchor Sustrum-Moor am 17. M\u00e4rz 2019 seine dritte CD mit dem Titel &#8222;Sing together&#8220; auf. Die Aufnahme erfolgte im Pfarrheim Sustrum-Moor in bew\u00e4hrter Art von Michael Potthast. Die CD kann bei allen Auftritten f\u00fcr 5\u20ac erworben werden. Gerne schicken wir die CD auch per Post (zzgl. 1,60\u20ac Porto) zu. Mailt an <a href=\"mailto: info@gospelchor-sustrum-moor.de\">info@gospelchor-sustrum-moor.de<\/a>&nbsp;oder meldet euch per Telefon bei Manuela Wolters unter Tel. <img loading=\"lazy\" decoding=\"async\" class=\"alignnone wp-image-419\" src=\"https:\/\/www.gospelchor-sustrum-moor.de\/wp-content\/uploads\/2013\/04\/Unbenannt.png\" alt=\"Unbenannt\" width=\"93\" height=\"11\">.<\/p>\n<p><img loading=\"lazy\" decoding=\"async\" class=\"alignnone size-large wp-image-1056\" src=\"https:\/\/www.gospelchor-sustrum-moor.de\/wp-content\/uploads\/2020\/01\/0001-1024x817.jpg\" alt=\"\" width=\"590\" height=\"471\" srcset=\"https:\/\/www.gospelchor-sustrum-moor.de\/wp-content\/uploads\/2020\/01\/0001-1024x817.jpg 1024w, https:\/\/www.gospelchor-sustrum-moor.de\/wp-content\/uploads\/2020\/01\/0001-300x239.jpg 300w, https:\/\/www.gospelchor-sustrum-moor.de\/wp-content\/uploads\/2020\/01\/0001-768x612.jpg 768w, https:\/\/www.gospelchor-sustrum-moor.de\/wp-content\/uploads\/2020\/01\/0001.jpg 1936w\" sizes=\"(max-width: 590px) 100vw, 590px\" \/><\/p>\n<p>Titelliste:<\/p>\n<ul>\n<li>Come into the house of the lord<\/li>\n<li>Befreit!<\/li>\n<li>Forever<\/li>\n<li>You\u2018ll receive the power<\/li>\n<li>A human right<\/li>\n<li>All we wanna do<\/li>\n<li>God will bless you<\/li>\n<li>I\u2019m always here<\/li>\n<li>You make me sing<\/li>\n<li>The rose<\/li>\n<li>He knows me<\/li>\n<li>Got a reason for living again<\/li>\n<li>Let\u2019s sing together<\/li>\n<li>Come, let us sing again<\/li>\n<li>Jesus, you are the holy one<\/li>\n<\/ul>\n<p>Hast du Interesse an unseren alten CDs? Folge den folgenden Links:<\/p>\n<p><a href=\"http:\/\/www.gospelchor-sustrum-moor.de\/?p=348\">CD &#8222;PRAISE HIM&#8220; (2013)<\/a><\/p>\n<p><a href=\"http:\/\/www.gospelchor-sustrum-moor.de\/?p=28\">CD &#8222;CELEBRATE&#8220; (2008)<\/a><\/p>\n<p>&nbsp;<\/p>\n","protected":false},"excerpt":{"rendered":"<p>Anl\u00e4sslich seines 20-j\u00e4hrigen Bestehens nahm der Gospelchor Sustrum-Moor am 17. M\u00e4rz 2019 seine dritte CD mit dem Titel &#8222;Sing together&#8220; auf. Die Aufnahme erfolgte im Pfarrheim Sustrum-Moor in bew\u00e4hrter Art von Michael Potthast. Die CD kann bei allen Auftritten f\u00fcr 5\u20ac erworben werden. Gerne schicken wir die CD auch per Post (zzgl. 1,60\u20ac Porto) zu. [&hellip;]<\/p>\n","protected":false},"author":1,"featured_media":0,"parent":0,"menu_order":0,"comment_status":"closed","ping_status":"closed","template":"","meta":{"site-sidebar-layout":"default","site-content-layout":"default","ast-site-content-layout":"default","site-content-style":"default","site-sidebar-style":"default","ast-global-header-display":"","ast-banner-title-visibility":"","ast-main-header-display":"","ast-hfb-above-header-display":"","ast-hfb-below-header-display":"","ast-hfb-mobile-header-display":"","site-post-title":"","ast-breadcrumbs-content":"","ast-featured-img":"","footer-sml-layout":"","theme-transparent-header-meta":"default","adv-header-id-meta":"","stick-header-meta":"","header-above-stick-meta":"","header-main-stick-meta":"","header-below-stick-meta":"","astra-migrate-meta-layouts":"set","ast-page-background-enabled":"default","ast-page-background-meta":{"desktop":{"background-color":"var(--ast-global-color-4)","background-image":"","background-repeat":"repeat","background-position":"center center","background-size":"auto","background-attachment":"scroll","background-type":"","background-media":"","overlay-type":"","overlay-color":"","overlay-gradient":""},"tablet":{"background-color":"","background-image":"","background-repeat":"repeat","background-position":"center center","background-size":"auto","background-attachment":"scroll","background-type":"","background-media":"","overlay-type":"","overlay-color":"","overlay-gradient":""},"mobile":{"background-color":"","background-image":"","background-repeat":"repeat","background-position":"center center","background-size":"auto","background-attachment":"scroll","background-type":"","background-media":"","overlay-type":"","overlay-color":"","overlay-gradient":""}},"ast-content-background-meta":{"desktop":{"background-color":"var(--ast-global-color-5)","background-image":"","background-repeat":"repeat","background-position":"center center","background-size":"auto","background-attachment":"scroll","background-type":"","background-media":"","overlay-type":"","overlay-color":"","overlay-gradient":""},"tablet":{"background-color":"var(--ast-global-color-5)","background-image":"","background-repeat":"repeat","background-position":"center center","background-size":"auto","background-attachment":"scroll","background-type":"","background-media":"","overlay-type":"","overlay-color":"","overlay-gradient":""},"mobile":{"background-color":"var(--ast-global-color-5)","background-image":"","background-repeat":"repeat","background-position":"center center","background-size":"auto","background-attachment":"scroll","background-type":"","background-media":"","overlay-type":"","overlay-color":"","overlay-gradient":""}},"ngg_post_thumbnail":0,"footnotes":""},"_links":{"self":[{"href":"https:\/\/www.gospelchor-sustrum-moor.de\/index.php?rest_route=\/wp\/v2\/pages\/1055"}],"collection":[{"href":"https:\/\/www.gospelchor-sustrum-moor.de\/index.php?rest_route=\/wp\/v2\/pages"}],"about":[{"href":"https:\/\/www.gospelchor-sustrum-moor.de\/index.php?rest_route=\/wp\/v2\/types\/page"}],"author":[{"embeddable":true,"href":"https:\/\/www.gospelchor-sustrum-moor.de\/index.php?rest_route=\/wp\/v2\/users\/1"}],"replies":[{"embeddable":true,"href":"https:\/\/www.gospelchor-sustrum-moor.de\/index.php?rest_route=%2Fwp%2Fv2%2Fcomments&post=1055"}],"version-history":[{"count":2,"href":"https:\/\/www.gospelchor-sustrum-moor.de\/index.php?rest_route=\/wp\/v2\/pages\/1055\/revisions"}],"predecessor-version":[{"id":1495,"href":"https:\/\/www.gospelchor-sustrum-moor.de\/index.php?rest_route=\/wp\/v2\/pages\/1055\/revisions\/1495"}],"wp:attachment":[{"href":"https:\/\/www.gospelchor-sustrum-moor.de\/index.php?rest_route=%2Fwp%2Fv2%2Fmedia&parent=1055"}],"curies":[{"name":"wp","href":"https:\/\/api.w.org\/{rel}","templated":true}]}}