{"id":19,"date":"2012-05-09T09:06:54","date_gmt":"2012-05-09T09:06:54","guid":{"rendered":"http:\/\/www.gospelchor-sustrum-moor.de\/?page_id=19"},"modified":"2024-02-19T14:17:25","modified_gmt":"2024-02-19T13:17:25","slug":"das-sind-wir","status":"publish","type":"page","link":"https:\/\/www.gospelchor-sustrum-moor.de\/?page_id=19","title":{"rendered":"Das sind wir"},"content":{"rendered":"<p>Nach einer etwa zweij\u00e4hrigen Corona-Pause konnte der Gospelchor Sustrum-Moor im April 2022 seine Arbeit wieder aufnehmen. Die Leitung des Chores hat Wilfried Hagemann seit seiner Gr\u00fcndung inne, er begleitet den Chor am Keyboard. Derzeit singen 33 Mitglieder in vier Stimmen.<\/p>\n<p>Dies sind<\/p>\n<p>im Sopran: Hildegard Otten, Manuela Wolters, Anja Heinze, Ann-Kathrin Bruns, Christa B\u00f6lscher, Frauke Neuber, Julia S\u00e1nchez-Haas, Karin S\u00fcdkamp, Leni Theisling, Maria Gebben, Monika Leuschner, Petra Deermann, Ulla Bruns, Ute Reker, Inge Albers, Margret R\u00fcbertus<\/p>\n<p>im Alt: Manuela Bolmer, Anke Schl\u00f6ter, Anni Bruns, Kerstin Schwenen, Marianne Hillmann, Marlies J\u00fcrgens, Rosa-Maria Schulte, Bernadette Mensen<\/p>\n<p>im Tenor: Heinz-Georg Hilgefort, Gerd W\u00f6sten, Ewald Bruns<\/p>\n<p>im Bass: Hans-Hermann Bruns, Otto Bruns, Bernd Hebbelmann<\/p>\n<p>am Keyboard: Wilfried Hagemann<\/p>\n<p>Wir sind immer <strong>auf der Suche nach neuen Mitgliedern<\/strong>. Wenn du Spa\u00df am Singen hast, dann komm einfach zu einer unserer Proben oder melde dich bei uns \u00fcber die <a title=\"Kontakt-Formular\" href=\"http:\/\/www.gospelchor-sustrum-moor.de\/?page_id=99\">Kontakt-Seite<\/a>. Wir freuen uns auf dich!<\/p>\n<p><strong>Ein Blick zur\u00fcck:&nbsp;<\/strong><\/p>\n<p>Der Ursprung des Gospelchores Sustrum-Moor liegt im Jahr 1999 in Sustrum-Moor. Es trafen sich einige Musikbegeisterte aus Sustrum-Moor und den Nachbarorten und die Idee f\u00fcr einen Gospelchor war geboren. Schnell gewann man Wilfried Hagemann als Chorleiter. Anfangs traf sich diese Kleingruppe zu den Proben in der Grundschule Sustrum-Moor. Der erste Auftritt lie\u00df nicht lange auf sich warten und schnell vergr\u00f6\u00dferte sich der zu dieser Zeit noch dreistimmige Chor durch Gesangsbegeisterte nicht nur aus Sustrum-Moor, sondern auch aus den umliegenden Ortschaften, zu einem gr\u00f6\u00dferen vierstimmigen Chor. Nach dem Bau des Pfarrheims Sustrum-Moor wurden die Proben hierher verlegt.<\/p>\n<p>Im Laufe der Zeit entstanden mehrere CDs, so die CD mit dem Titel \u201eCelebrate\u201c im Jahr 2008 sowie die CD mit dem Titel \u201ePraise Him\u201c im Jahr 2013. Aktuell ist die CD \u201eSing together\u201c, die anl\u00e4sslich des 20-j\u00e4hrigen Jubil\u00e4ums im M\u00e4rz 2019 aufgenommen wurde.<\/p>\n<p>Derzeit probt der Gospelchor Sustrum-Moor etwa 14t\u00e4gig sonntags um 19 Uhr im Pfarrhaus der Propsteikirche Meppen. Interessierte S\u00e4ngerinnen und S\u00e4nger sind jederzeit herzlich willkommen. F\u00fcr Ordnung und die instrumentale Begleitung am Keyboard sorgt der Chorleiter Wilfried Hagemann.<\/p>\n<p>Zum Repertoire des Gospelchores Sustrum-Moor z\u00e4hlen \u00fcberwiegend Gospels, neues geistliches Liedgut und Traditionals. Der mehrstimmige Chorgesang wird dabei immer wieder vom Gesang verschiedener Solisten bereichert. Im Mittelpunkt steht immer die Botschaft von Gottes grenzenloser Liebe, sodass die Lieder schon \u00fcber Jahrhunderte Hoffnung und Trost spenden, Mut machen und W\u00e4rme und Freude schenken.<\/p>\n<p>Vor diesem Hintergrund ist es den Chormitgliedern in den vergangenen Jahren zu einer Herzensangelegenheit geworden, nicht nur die Herzen ihrer Mitglieder zu erreichen, sondern zugleich mit ihrer Musik auch etwas Gutes zu tun. So veranstaltet der Gospelchor Sustrum-Moor regelm\u00e4\u00dfig Benefizkonzerte, deren Erl\u00f6s wohlt\u00e4tigen Zwecken zukommt. Hierzu z\u00e4hlen Erdbebenopfer auf Haiti ebenso wie krebskranke Kinder in der Region.<\/p>\n<p>Ohne die richtige Organisation l\u00e4uft es nicht: <a title=\"Vorstand 2013\" href=\"http:\/\/www.gospelchor-sustrum-moor.de\/?p=1398\">Unser Vorstand<\/a><\/p>\n","protected":false},"excerpt":{"rendered":"<p>Nach einer etwa zweij\u00e4hrigen Corona-Pause konnte der Gospelchor Sustrum-Moor im April 2022 seine Arbeit wieder aufnehmen. Die Leitung des Chores hat Wilfried Hagemann seit seiner Gr\u00fcndung inne, er begleitet den Chor am Keyboard. Derzeit singen 33 Mitglieder in vier Stimmen. Dies sind im Sopran: Hildegard Otten, Manuela Wolters, Anja Heinze, Ann-Kathrin Bruns, Christa B\u00f6lscher, Frauke [&hellip;]<\/p>\n","protected":false},"author":1,"featured_media":0,"parent":0,"menu_order":0,"comment_status":"closed","ping_status":"closed","template":"","meta":{"site-sidebar-layout":"default","site-content-layout":"default","ast-site-content-layout":"default","site-content-style":"default","site-sidebar-style":"default","ast-global-header-display":"","ast-banner-title-visibility":"","ast-main-header-display":"","ast-hfb-above-header-display":"","ast-hfb-below-header-display":"","ast-hfb-mobile-header-display":"","site-post-title":"","ast-breadcrumbs-content":"","ast-featured-img":"","footer-sml-layout":"","theme-transparent-header-meta":"default","adv-header-id-meta":"","stick-header-meta":"","header-above-stick-meta":"","header-main-stick-meta":"","header-below-stick-meta":"","astra-migrate-meta-layouts":"set","ast-page-background-enabled":"default","ast-page-background-meta":{"desktop":{"background-color":"var(--ast-global-color-4)","background-image":"","background-repeat":"repeat","background-position":"center center","background-size":"auto","background-attachment":"scroll","background-type":"","background-media":"","overlay-type":"","overlay-color":"","overlay-gradient":""},"tablet":{"background-color":"","background-image":"","background-repeat":"repeat","background-position":"center center","background-size":"auto","background-attachment":"scroll","background-type":"","background-media":"","overlay-type":"","overlay-color":"","overlay-gradient":""},"mobile":{"background-color":"","background-image":"","background-repeat":"repeat","background-position":"center center","background-size":"auto","background-attachment":"scroll","background-type":"","background-media":"","overlay-type":"","overlay-color":"","overlay-gradient":""}},"ast-content-background-meta":{"desktop":{"background-color":"var(--ast-global-color-5)","background-image":"","background-repeat":"repeat","background-position":"center center","background-size":"auto","background-attachment":"scroll","background-type":"","background-media":"","overlay-type":"","overlay-color":"","overlay-gradient":""},"tablet":{"background-color":"var(--ast-global-color-5)","background-image":"","background-repeat":"repeat","background-position":"center center","background-size":"auto","background-attachment":"scroll","background-type":"","background-media":"","overlay-type":"","overlay-color":"","overlay-gradient":""},"mobile":{"background-color":"var(--ast-global-color-5)","background-image":"","background-repeat":"repeat","background-position":"center center","background-size":"auto","background-attachment":"scroll","background-type":"","background-media":"","overlay-type":"","overlay-color":"","overlay-gradient":""}},"ngg_post_thumbnail":0,"footnotes":""},"_links":{"self":[{"href":"https:\/\/www.gospelchor-sustrum-moor.de\/index.php?rest_route=\/wp\/v2\/pages\/19"}],"collection":[{"href":"https:\/\/www.gospelchor-sustrum-moor.de\/index.php?rest_route=\/wp\/v2\/pages"}],"about":[{"href":"https:\/\/www.gospelchor-sustrum-moor.de\/index.php?rest_route=\/wp\/v2\/types\/page"}],"author":[{"embeddable":true,"href":"https:\/\/www.gospelchor-sustrum-moor.de\/index.php?rest_route=\/wp\/v2\/users\/1"}],"replies":[{"embeddable":true,"href":"https:\/\/www.gospelchor-sustrum-moor.de\/index.php?rest_route=%2Fwp%2Fv2%2Fcomments&post=19"}],"version-history":[{"count":1,"href":"https:\/\/www.gospelchor-sustrum-moor.de\/index.php?rest_route=\/wp\/v2\/pages\/19\/revisions"}],"predecessor-version":[{"id":1492,"href":"https:\/\/www.gospelchor-sustrum-moor.de\/index.php?rest_route=\/wp\/v2\/pages\/19\/revisions\/1492"}],"wp:attachment":[{"href":"https:\/\/www.gospelchor-sustrum-moor.de\/index.php?rest_route=%2Fwp%2Fv2%2Fmedia&parent=19"}],"curies":[{"name":"wp","href":"https:\/\/api.w.org\/{rel}","templated":true}]}}